{"id":8496,"date":"2022-10-07T16:23:21","date_gmt":"2022-10-07T15:23:21","guid":{"rendered":"http:\/\/novabedding.be\/?post_type=product&#038;p=8496"},"modified":"2025-09-03T14:50:02","modified_gmt":"2025-09-03T13:50:02","slug":"couette-climate-control-4-saisons","status":"publish","type":"product","link":"https:\/\/novabedding.be\/nl\/couette-climate-control-4-saisons\/","title":{"rendered":"Climate Control 4 seizoenen dekbed"},"content":{"rendered":"<p>Zoals de naam al zegt, is dit een dekbed voor alle seizoenen. Zo kunt u het hele jaar door slapen onder een perfect dekbed, dat zorgt voor een ideale slaaptemperatuur. De Climate Control van dit dekbed is ideaal voor mensen die het dan weer warm en dan weer koud hebben.<\/p>\n<p>Materiaal<br \/>\nDe tijk van dit dekbed is gemaakt van 100% microvezel. Dit materiaal zorgt ervoor dat het dekbed vocht reguleert, ademt en huidvriendelijk is. Het is aangenaam om er elke nacht onder te kruipen. Het dekbed is gevuld met 100% polyester holle vezel. Deze vulling laat lucht circuleren, is ademend en biedt een aangename warmte-isolatie, zodat u een heerlijke nachtrust heeft. Het dekbed is ook anti-allergisch; de holle polyestervezel is een slechte voedingsbodem voor huisstofmijt en bacteri\u00ebn. Die vind je niet in dit dekbed!<\/p>\n<p>Warmte klasse<br \/>\nCette couette 4 saisons convient parfaitement aux nuits chaudes et froides. La couette se compose de deux parties. La premi\u00e8re partie de la couette a un remplissage de 350 gr\/m\u00b2. Cette partie a une classe de chaleur 2 et peut \u00eatre bien utilis\u00e9e au printemps et au d\u00e9but de l&rsquo;automne. La deuxi\u00e8me partie de la couette est parfaite pour les chaudes nuits d&rsquo;\u00e9t\u00e9. Cette couette a une classe thermique 4. La couette a un remplissage l\u00e9ger de 200 gr\/m\u00b2 et est donc tr\u00e8s a\u00e9r\u00e9e. Ensemble, la couette a une classe de chaleur 1, parfaite pour les froides nuits d&rsquo;hiver.\/*99586587347*\/<\/p>","protected":false},"excerpt":{"rendered":"<ul>\n<li>Klimaatbeheersing<\/li>\n<li>Dubbel dekbed<\/li>\n<li>Gewicht: 200 + 350g<\/li>\n<li>Materiaal: Polyester<\/li>\n<li>Geschikt voor alle seizoenen (winter, zomer, herfst en lente).<\/li>\n<li>Warmteregeling<\/li>\n<li>Anti-allergie<\/li>\n<li>Wasbaar<\/li>\n<li>Duurzaam (EU gecertificeerd\u00ae)<\/li>\n<\/ul>","protected":false},"featured_media":8503,"comment_status":"open","ping_status":"closed","template":"","meta":[],"product_brand":[],"product_cat":[207],"product_tag":[],"class_list":{"0":"post-8496","1":"product","2":"type-product","3":"status-publish","4":"has-post-thumbnail","6":"product_cat-couette","8":"first","9":"instock","10":"taxable","11":"shipping-taxable","12":"purchasable","13":"product-type-variable"},"_links":{"self":[{"href":"https:\/\/novabedding.be\/nl\/wp-json\/wp\/v2\/product\/8496","targetHints":{"allow":["GET"]}}],"collection":[{"href":"https:\/\/novabedding.be\/nl\/wp-json\/wp\/v2\/product"}],"about":[{"href":"https:\/\/novabedding.be\/nl\/wp-json\/wp\/v2\/types\/product"}],"replies":[{"embeddable":true,"href":"https:\/\/novabedding.be\/nl\/wp-json\/wp\/v2\/comments?post=8496"}],"wp:featuredmedia":[{"embeddable":true,"href":"https:\/\/novabedding.be\/nl\/wp-json\/wp\/v2\/media\/8503"}],"wp:attachment":[{"href":"https:\/\/novabedding.be\/nl\/wp-json\/wp\/v2\/media?parent=8496"}],"wp:term":[{"taxonomy":"product_brand","embeddable":true,"href":"https:\/\/novabedding.be\/nl\/wp-json\/wp\/v2\/product_brand?post=8496"},{"taxonomy":"product_cat","embeddable":true,"href":"https:\/\/novabedding.be\/nl\/wp-json\/wp\/v2\/product_cat?post=8496"},{"taxonomy":"product_tag","embeddable":true,"href":"https:\/\/novabedding.be\/nl\/wp-json\/wp\/v2\/product_tag?post=8496"}],"curies":[{"name":"wp","href":"https:\/\/api.w.org\/{rel}","templated":true}]}}