{"id":8186,"date":"2022-09-20T16:53:05","date_gmt":"2022-09-20T15:53:05","guid":{"rendered":"http:\/\/novabedding.be\/?post_type=product&#038;p=8186"},"modified":"2025-12-29T11:27:17","modified_gmt":"2025-12-29T10:27:17","slug":"oreiller-galaxy-mousse-a-memoire-firm","status":"publish","type":"product","link":"https:\/\/novabedding.be\/nl\/oreiller-galaxy-mousse-a-memoire-firm\/","title":{"rendered":"Galaxy Traagschuim Stevig"},"content":{"rendered":"<p>Galaxy, produit \u00e0 l&rsquo;aide de la technologie Visco Elastic \u00ab\u00a0Smart Foam\u00a0\u00bb, agit en fonction de la chaleur et de la pression, soutient les muscles de votre cou et de vos \u00e9paules gr\u00e2ce \u00e0 sa conception sp\u00e9ciale et vous aide \u00e0 \u00e9liminer les causes possibles de la douleur. Les parois lat\u00e9rales 3D AIR MESH ont une fonction de perm\u00e9abilit\u00e9 \u00e0 l&rsquo;air, le bleu 3D AIR MESH est indiqu\u00e9 comme MOYEN sur les parois lat\u00e9rales et propos\u00e9 sp\u00e9cialement au go\u00fbt des amateurs d&rsquo;oreillers moyens. Si vous aimez les oreillers moyens, vous vous en rendrez compte en choisissant un oreiller moyen qui est produit sp\u00e9cialement pour vous. Il vous permet d&rsquo;avoir une excellente exp\u00e9rience de sommeil gr\u00e2ce \u00e0 son support.\/*99586587347*\/<\/p>","protected":false},"excerpt":{"rendered":"<ul>\n<li>Visco\u00e9lastique \u00ab\u00a0Mousse intelligente\u00a0\u00bb<\/li>\n<li>Maille d&rsquo;air 3D<\/li>\n<li>Dimensions : 65x40x14 cm<\/li>\n<li>Firm<\/li>\n<\/ul>\n[html_block id=\"8181\"]\n","protected":false},"featured_media":14201,"comment_status":"open","ping_status":"closed","template":"","meta":[],"product_brand":[],"product_cat":[188],"product_tag":[],"class_list":{"0":"post-8186","1":"product","2":"type-product","3":"status-publish","4":"has-post-thumbnail","6":"product_cat-oreiller","8":"first","9":"instock","10":"sale","11":"taxable","12":"shipping-taxable","13":"purchasable","14":"product-type-simple"},"_links":{"self":[{"href":"https:\/\/novabedding.be\/nl\/wp-json\/wp\/v2\/product\/8186","targetHints":{"allow":["GET"]}}],"collection":[{"href":"https:\/\/novabedding.be\/nl\/wp-json\/wp\/v2\/product"}],"about":[{"href":"https:\/\/novabedding.be\/nl\/wp-json\/wp\/v2\/types\/product"}],"replies":[{"embeddable":true,"href":"https:\/\/novabedding.be\/nl\/wp-json\/wp\/v2\/comments?post=8186"}],"wp:featuredmedia":[{"embeddable":true,"href":"https:\/\/novabedding.be\/nl\/wp-json\/wp\/v2\/media\/14201"}],"wp:attachment":[{"href":"https:\/\/novabedding.be\/nl\/wp-json\/wp\/v2\/media?parent=8186"}],"wp:term":[{"taxonomy":"product_brand","embeddable":true,"href":"https:\/\/novabedding.be\/nl\/wp-json\/wp\/v2\/product_brand?post=8186"},{"taxonomy":"product_cat","embeddable":true,"href":"https:\/\/novabedding.be\/nl\/wp-json\/wp\/v2\/product_cat?post=8186"},{"taxonomy":"product_tag","embeddable":true,"href":"https:\/\/novabedding.be\/nl\/wp-json\/wp\/v2\/product_tag?post=8186"}],"curies":[{"name":"wp","href":"https:\/\/api.w.org\/{rel}","templated":true}]}}