{"id":8171,"date":"2022-09-20T15:03:46","date_gmt":"2022-09-20T14:03:46","guid":{"rendered":"http:\/\/novabedding.be\/?post_type=product&#038;p=8171"},"modified":"2025-12-29T11:27:30","modified_gmt":"2025-12-29T10:27:30","slug":"oreiller-galaxy-mousse-a-memoire-doux","status":"publish","type":"product","link":"https:\/\/novabedding.be\/nl\/oreiller-galaxy-mousse-a-memoire-doux\/","title":{"rendered":"Galaxy Traagschuim Zacht"},"content":{"rendered":"<p>Galaxy, qui a \u00e9t\u00e9 produit \u00e0 l&rsquo;aide de la technologie Visco Elastic \u00ab\u00a0Smart Foam\u00a0\u00bb, agit en fonction de la chaleur et de la pression, soutient les muscles de votre cou et de vos \u00e9paules gr\u00e2ce \u00e0 sa conception sp\u00e9ciale et vous aide \u00e0 \u00e9liminer les causes possibles de la douleur. Les parois lat\u00e9rales 3D AIR MESH ont une fonction de perm\u00e9abilit\u00e9 \u00e0 l&rsquo;air, le 3D AIR MESH vert est \u00e9tiquet\u00e9 SOFT sur les parois lat\u00e9rales et propos\u00e9 sp\u00e9cialement au go\u00fbt des amateurs d&rsquo;oreillers moelleux. Si vous aimez les oreillers moelleux, vous vous en rendrez compte en choisissant un oreiller moelleux qui est fabriqu\u00e9 sp\u00e9cialement pour vous. L&rsquo;oreiller procure un confort suppl\u00e9mentaire en pr\u00e9servant la courbure naturelle de votre moelle \u00e9pini\u00e8re pendant votre sommeil en vous soutenant.\/*99586587347*\/<\/p>","protected":false},"excerpt":{"rendered":"<ul>\n<li>Visco-elastisch \"Intelligent schuim<\/li>\n<li>3D-luchtnet<\/li>\n<li>Afmetingen : 65x40x14 cm<\/li>\n<li>Zoet<\/li>\n<\/ul>","protected":false},"featured_media":14203,"comment_status":"open","ping_status":"closed","template":"","meta":[],"product_brand":[],"product_cat":[188],"product_tag":[],"class_list":{"0":"post-8171","1":"product","2":"type-product","3":"status-publish","4":"has-post-thumbnail","6":"product_cat-oreiller","8":"first","9":"instock","10":"sale","11":"taxable","12":"shipping-taxable","13":"purchasable","14":"product-type-simple"},"_links":{"self":[{"href":"https:\/\/novabedding.be\/nl\/wp-json\/wp\/v2\/product\/8171","targetHints":{"allow":["GET"]}}],"collection":[{"href":"https:\/\/novabedding.be\/nl\/wp-json\/wp\/v2\/product"}],"about":[{"href":"https:\/\/novabedding.be\/nl\/wp-json\/wp\/v2\/types\/product"}],"replies":[{"embeddable":true,"href":"https:\/\/novabedding.be\/nl\/wp-json\/wp\/v2\/comments?post=8171"}],"wp:featuredmedia":[{"embeddable":true,"href":"https:\/\/novabedding.be\/nl\/wp-json\/wp\/v2\/media\/14203"}],"wp:attachment":[{"href":"https:\/\/novabedding.be\/nl\/wp-json\/wp\/v2\/media?parent=8171"}],"wp:term":[{"taxonomy":"product_brand","embeddable":true,"href":"https:\/\/novabedding.be\/nl\/wp-json\/wp\/v2\/product_brand?post=8171"},{"taxonomy":"product_cat","embeddable":true,"href":"https:\/\/novabedding.be\/nl\/wp-json\/wp\/v2\/product_cat?post=8171"},{"taxonomy":"product_tag","embeddable":true,"href":"https:\/\/novabedding.be\/nl\/wp-json\/wp\/v2\/product_tag?post=8171"}],"curies":[{"name":"wp","href":"https:\/\/api.w.org\/{rel}","templated":true}]}}