{"id":13763,"date":"2025-08-30T18:41:36","date_gmt":"2025-08-30T17:41:36","guid":{"rendered":"https:\/\/novabedding.be\/?post_type=product&#038;p=13763"},"modified":"2026-01-31T02:29:31","modified_gmt":"2026-01-31T01:29:31","slug":"matelas-genna","status":"publish","type":"product","link":"https:\/\/novabedding.be\/nl\/matelas-genna\/","title":{"rendered":"Matelas Genna"},"content":{"rendered":"<p>Le matelas <strong data-start=\"83\" data-end=\"92\">GENNA<\/strong> est con\u00e7u pour ceux qui recherchent un confort suppl\u00e9mentaire gr\u00e2ce \u00e0 son surmatelas moelleux. La couche de mousse souple s\u2019adapte parfaitement \u00e0 la colonne vert\u00e9brale, comble l\u2019espace du bas du dos et assure un soutien ergonomique. R\u00e9sultat : un sommeil confortable et r\u00e9parateur chaque nuit.<\/p>","protected":false},"excerpt":{"rendered":"<ul>\n<li>Lateksit Comfort &amp; Support Layer<\/li>\n<li>Gebreide stof<\/li>\n<li>7-zonige pocketveren<\/li>\n<li>Padded Mattress<\/li>\n<li>3D afstandhouder<\/li>\n<li>Hygiene+ Filling Material<\/li>\n<li>Antiperspirant Air Circulation<\/li>\n<li>Safe Sleep Tunnel<\/li>\n<li>Single Side<\/li>\n<li>Ergonomisch<\/li>\n<li>30 (<b>\u00b12<\/b>)cm Mattress Height<\/li>\n<\/ul>","protected":false},"featured_media":13646,"comment_status":"open","ping_status":"closed","template":"","meta":[],"product_brand":[],"product_cat":[161],"product_tag":[178,179,114,132,128,130,127,129,120,119,117,118,111,126,110,106,104,105,134,121,115,113,108,100,172,173,174,175,171,177,180,181,176,170],"class_list":{"0":"post-13763","1":"product","2":"type-product","3":"status-publish","4":"has-post-thumbnail","6":"product_cat-matelas","7":"product_tag-acheter-un-matelas","8":"product_tag-acheter-un-matelas-online","9":"product_tag-beter-bed","10":"product_tag-box-spring-bed","11":"product_tag-boxspring-aanbieding","12":"product_tag-boxspring-actie","13":"product_tag-boxspring-afmetingen","14":"product_tag-boxspring-antwerpen","15":"product_tag-boxspring-avec-coffre","16":"product_tag-boxspring-avec-matelas","17":"product_tag-boxspring-avec-rangement","18":"product_tag-boxspring-avis","19":"product_tag-boxspring-bed","20":"product_tag-boxspring-met-opbergruimte","21":"product_tag-boxspring-pas-cher","22":"product_tag-boxspring-sale","23":"product_tag-boxspring-solden","24":"product_tag-boxspring-soldes","25":"product_tag-boxspring-zonder-hoofdbord","26":"product_tag-boxsprings","27":"product_tag-elektrische-boxspring","28":"product_tag-goedkope-boxspring","29":"product_tag-lit-boxspring","30":"product_tag-matelas","31":"product_tag-matelas-120x200","32":"product_tag-matelas-140x200","33":"product_tag-matelas-160x200","34":"product_tag-matelas-180x200","35":"product_tag-matelas-90x200","36":"product_tag-matelas-deux-personnes","37":"product_tag-matelas-online","38":"product_tag-matelas-pas-cher","39":"product_tag-matelas-une-personne","40":"product_tag-meilleur-matelas","42":"first","43":"instock","44":"taxable","45":"shipping-taxable","46":"purchasable","47":"product-type-variable"},"_links":{"self":[{"href":"https:\/\/novabedding.be\/nl\/wp-json\/wp\/v2\/product\/13763","targetHints":{"allow":["GET"]}}],"collection":[{"href":"https:\/\/novabedding.be\/nl\/wp-json\/wp\/v2\/product"}],"about":[{"href":"https:\/\/novabedding.be\/nl\/wp-json\/wp\/v2\/types\/product"}],"replies":[{"embeddable":true,"href":"https:\/\/novabedding.be\/nl\/wp-json\/wp\/v2\/comments?post=13763"}],"wp:featuredmedia":[{"embeddable":true,"href":"https:\/\/novabedding.be\/nl\/wp-json\/wp\/v2\/media\/13646"}],"wp:attachment":[{"href":"https:\/\/novabedding.be\/nl\/wp-json\/wp\/v2\/media?parent=13763"}],"wp:term":[{"taxonomy":"product_brand","embeddable":true,"href":"https:\/\/novabedding.be\/nl\/wp-json\/wp\/v2\/product_brand?post=13763"},{"taxonomy":"product_cat","embeddable":true,"href":"https:\/\/novabedding.be\/nl\/wp-json\/wp\/v2\/product_cat?post=13763"},{"taxonomy":"product_tag","embeddable":true,"href":"https:\/\/novabedding.be\/nl\/wp-json\/wp\/v2\/product_tag?post=13763"}],"curies":[{"name":"wp","href":"https:\/\/api.w.org\/{rel}","templated":true}]}}