{"id":13615,"date":"2025-08-07T13:14:03","date_gmt":"2025-08-07T12:14:03","guid":{"rendered":"https:\/\/novabedding.be\/?post_type=product&#038;p=13615"},"modified":"2026-01-31T02:29:31","modified_gmt":"2026-01-31T01:29:31","slug":"maya-comforty","status":"publish","type":"product","link":"https:\/\/novabedding.be\/nl\/maya-comforty\/","title":{"rendered":"Sommier Maya + Matelas Comforty"},"content":{"rendered":"<h3 data-start=\"270\" data-end=\"336\"><strong data-start=\"274\" data-end=\"336\">LIVRAISON GRATUITE DANS TOUTE LA BELGIQUE &amp; GARANTIE 2 ANS<\/strong><\/h3>\n<h3 data-start=\"338\" data-end=\"404\"><strong data-start=\"342\" data-end=\"404\">Sommier Maya avec Matelas Comforty \u2013 Confort et Qualit\u00e9<\/strong><\/h3>\n<p data-start=\"406\" data-end=\"610\">D\u00e9couvrez le matelas <strong data-start=\"427\" data-end=\"447\">Comforty<\/strong> accompagn\u00e9 de son sommier pour un confort optimal nuit apr\u00e8s nuit. Offrez-vous un sommeil r\u00e9parateur avec ce duo pratique, livr\u00e9 gratuitement partout en Belgique.<\/p>\n<p data-start=\"612\" data-end=\"732\">Profitez d&rsquo;une livraison <strong data-start=\"637\" data-end=\"659\">rapide et gratuite<\/strong>, ainsi que d&rsquo;une <strong data-start=\"677\" data-end=\"698\">garantie de 2 ans<\/strong> sur l&rsquo;ensemble matelas + sommier.<\/p>\n<hr data-start=\"734\" data-end=\"737\" \/>\n<h3 data-start=\"739\" data-end=\"770\"><strong data-start=\"743\" data-end=\"770\">Levering Voorwaarden<\/strong><\/h3>\n<p data-start=\"772\" data-end=\"955\">Le fournisseur vous contactera pour convenir d\u2019un moment de livraison ou de collecte. Veillez donc \u00e0 ce que les informations de contact de votre compte Nova Bedding soient correctes.<\/p>\n<p data-start=\"957\" data-end=\"1134\">La livraison s\u2019effectue <strong data-start=\"981\" data-end=\"1028\">dans un d\u00e9lai maximum de 10 jours ouvrables<\/strong>. Si vous optez pour une livraison \u00e0 domicile, la date et l\u2019heure seront fix\u00e9es en concertation avec vous.<\/p>\n<p data-start=\"1136\" data-end=\"1291\">Vous pouvez commander <strong data-start=\"1158\" data-end=\"1181\">plusieurs ensembles<\/strong> en augmentant simplement la quantit\u00e9 lors du processus de commande. Les achats sont <strong data-start=\"1266\" data-end=\"1290\">illimit\u00e9s par compte<\/strong>.<\/p>\n<p data-start=\"1293\" data-end=\"1405\"><strong data-start=\"1293\" data-end=\"1307\">Remarque :<\/strong> La livraison est uniquement disponible \u00e0 domicile et <strong data-start=\"1361\" data-end=\"1404\">n\u2019est pas possible vers les \u00eeles Wadden<\/strong>.<\/p>","protected":false},"excerpt":{"rendered":"<ul>\n<li>2\u00d7 Doos met opbergvak<\/li>\n<li>Pocket Spring<\/li>\n<li>Gebreide stof<\/li>\n<li>Edge Supporter<\/li>\n<li>Enkelzijdig<\/li>\n<li>30 (\u00b12) cm Hauteur du Matelas<\/li>\n<li>2+2 jaar garantie<\/li>\n<\/ul>","protected":false},"featured_media":13622,"comment_status":"open","ping_status":"closed","template":"","meta":[],"product_brand":[],"product_cat":[202],"product_tag":[158,135,114,132,95,137,133,102,124,103,128,130,127,129,120,119,117,118,111,112,122,123,125,101,116,109,136,126,131,107,110,106,104,105,134,121,115,113,108,100],"class_list":{"0":"post-13615","1":"product","2":"type-product","3":"status-publish","4":"has-post-thumbnail","6":"product_cat-litcoffre","7":"product_tag-bambi","8":"product_tag-beste-boxspring","9":"product_tag-beter-bed","10":"product_tag-box-spring-bed","11":"product_tag-boxspring","12":"product_tag-boxspring-1-40x2-00","13":"product_tag-boxspring-1-persoon","14":"product_tag-boxspring-140x200","15":"product_tag-boxspring-160x200","16":"product_tag-boxspring-180x200","17":"product_tag-boxspring-aanbieding","18":"product_tag-boxspring-actie","19":"product_tag-boxspring-afmetingen","20":"product_tag-boxspring-antwerpen","21":"product_tag-boxspring-avec-coffre","22":"product_tag-boxspring-avec-matelas","23":"product_tag-boxspring-avec-rangement","24":"product_tag-boxspring-avis","25":"product_tag-boxspring-bed","26":"product_tag-boxspring-bedden","27":"product_tag-boxspring-belgique","28":"product_tag-boxspring-bruxelles","29":"product_tag-boxspring-de-luxe","30":"product_tag-boxspring-deals","31":"product_tag-boxspring-electrique","32":"product_tag-boxspring-kopen","33":"product_tag-boxspring-kopen-online","34":"product_tag-boxspring-met-opbergruimte","35":"product_tag-boxspring-online","36":"product_tag-boxspring-outlet","37":"product_tag-boxspring-pas-cher","38":"product_tag-boxspring-sale","39":"product_tag-boxspring-solden","40":"product_tag-boxspring-soldes","41":"product_tag-boxspring-zonder-hoofdbord","42":"product_tag-boxsprings","43":"product_tag-elektrische-boxspring","44":"product_tag-goedkope-boxspring","45":"product_tag-lit-boxspring","46":"product_tag-matelas","48":"first","49":"instock","50":"taxable","51":"shipping-taxable","52":"purchasable","53":"product-type-variable"},"_links":{"self":[{"href":"https:\/\/novabedding.be\/nl\/wp-json\/wp\/v2\/product\/13615","targetHints":{"allow":["GET"]}}],"collection":[{"href":"https:\/\/novabedding.be\/nl\/wp-json\/wp\/v2\/product"}],"about":[{"href":"https:\/\/novabedding.be\/nl\/wp-json\/wp\/v2\/types\/product"}],"replies":[{"embeddable":true,"href":"https:\/\/novabedding.be\/nl\/wp-json\/wp\/v2\/comments?post=13615"}],"wp:featuredmedia":[{"embeddable":true,"href":"https:\/\/novabedding.be\/nl\/wp-json\/wp\/v2\/media\/13622"}],"wp:attachment":[{"href":"https:\/\/novabedding.be\/nl\/wp-json\/wp\/v2\/media?parent=13615"}],"wp:term":[{"taxonomy":"product_brand","embeddable":true,"href":"https:\/\/novabedding.be\/nl\/wp-json\/wp\/v2\/product_brand?post=13615"},{"taxonomy":"product_cat","embeddable":true,"href":"https:\/\/novabedding.be\/nl\/wp-json\/wp\/v2\/product_cat?post=13615"},{"taxonomy":"product_tag","embeddable":true,"href":"https:\/\/novabedding.be\/nl\/wp-json\/wp\/v2\/product_tag?post=13615"}],"curies":[{"name":"wp","href":"https:\/\/api.w.org\/{rel}","templated":true}]}}