{"id":13482,"date":"2025-06-02T18:02:27","date_gmt":"2025-06-02T17:02:27","guid":{"rendered":"https:\/\/novabedding.be\/?post_type=product&#038;p=13482"},"modified":"2026-01-31T02:29:31","modified_gmt":"2026-01-31T01:29:31","slug":"hilton-london20","status":"publish","type":"product","link":"https:\/\/novabedding.be\/nl\/hilton-london20\/","title":{"rendered":"Boxspring Hilton + Matelas London20"},"content":{"rendered":"<h3 data-start=\"270\" data-end=\"336\"><strong data-start=\"274\" data-end=\"336\">LIVRAISON GRATUITE DANS TOUTE LA BELGIQUE &amp; GARANTIE 2 ANS<\/strong><\/h3>\n<h3 data-start=\"338\" data-end=\"404\"><strong data-start=\"342\" data-end=\"404\">Boxspring Hilton avec Matelas London20 \u2013 Confort et Qualit\u00e9<\/strong><\/h3>\n<p data-start=\"406\" data-end=\"610\">D\u00e9couvrez le matelas <strong data-start=\"427\" data-end=\"447\">London20<\/strong> accompagn\u00e9 de son boxspring pour un confort optimal nuit apr\u00e8s nuit. Offrez-vous un sommeil r\u00e9parateur avec ce duo pratique, livr\u00e9 gratuitement partout en Belgique.<\/p>\n<p data-start=\"612\" data-end=\"732\">Profitez d&rsquo;une livraison <strong data-start=\"637\" data-end=\"659\">rapide et gratuite<\/strong>, ainsi que d&rsquo;une <strong data-start=\"677\" data-end=\"698\">garantie de 2 ans<\/strong> sur l&rsquo;ensemble matelas + sommier.<\/p>\n<hr data-start=\"734\" data-end=\"737\" \/>\n<h3 data-start=\"739\" data-end=\"770\"><strong data-start=\"743\" data-end=\"770\">Levering Voorwaarden<\/strong><\/h3>\n<p data-start=\"772\" data-end=\"955\">Le fournisseur vous contactera pour convenir d\u2019un moment de livraison ou de collecte. Veillez donc \u00e0 ce que les informations de contact de votre compte Nova Bedding soient correctes.<\/p>\n<p data-start=\"957\" data-end=\"1134\">La livraison s\u2019effectue <strong data-start=\"981\" data-end=\"1028\">dans un d\u00e9lai maximum de 10 jours ouvrables<\/strong>. Si vous optez pour une livraison \u00e0 domicile, la date et l\u2019heure seront fix\u00e9es en concertation avec vous.<\/p>\n<p data-start=\"1136\" data-end=\"1291\">Vous pouvez commander <strong data-start=\"1158\" data-end=\"1181\">plusieurs ensembles<\/strong> en augmentant simplement la quantit\u00e9 lors du processus de commande. Les achats sont <strong data-start=\"1266\" data-end=\"1290\">illimit\u00e9s par compte<\/strong>.<\/p>\n<p data-start=\"1293\" data-end=\"1405\"><strong data-start=\"1293\" data-end=\"1307\">Remarque :<\/strong> La livraison est uniquement disponible \u00e0 domicile et <strong data-start=\"1361\" data-end=\"1404\">n\u2019est pas possible vers les \u00eeles Wadden<\/strong>.<\/p>","protected":false},"excerpt":{"rendered":"<ul>\n<li>2\u00d7 harde doos<\/li>\n<li>Gebreide stof<\/li>\n<li>Luchtcirculatie<\/li>\n<li>Dubbelzijdig<\/li>\n<li>Ergonomisch<\/li>\n<li>20 (\u00b12) cm Matrashoogte<\/li>\n<li>1 jaar garantie<\/li>\n<\/ul>","protected":false},"featured_media":13483,"comment_status":"open","ping_status":"closed","template":"","meta":[],"product_brand":[],"product_cat":[37,252],"product_tag":[],"class_list":{"0":"post-13482","1":"product","2":"type-product","3":"status-publish","4":"has-post-thumbnail","6":"product_cat-hardbox","7":"product_cat-boxspring","9":"first","10":"instock","11":"taxable","12":"shipping-taxable","13":"purchasable","14":"product-type-variable"},"_links":{"self":[{"href":"https:\/\/novabedding.be\/nl\/wp-json\/wp\/v2\/product\/13482","targetHints":{"allow":["GET"]}}],"collection":[{"href":"https:\/\/novabedding.be\/nl\/wp-json\/wp\/v2\/product"}],"about":[{"href":"https:\/\/novabedding.be\/nl\/wp-json\/wp\/v2\/types\/product"}],"replies":[{"embeddable":true,"href":"https:\/\/novabedding.be\/nl\/wp-json\/wp\/v2\/comments?post=13482"}],"wp:featuredmedia":[{"embeddable":true,"href":"https:\/\/novabedding.be\/nl\/wp-json\/wp\/v2\/media\/13483"}],"wp:attachment":[{"href":"https:\/\/novabedding.be\/nl\/wp-json\/wp\/v2\/media?parent=13482"}],"wp:term":[{"taxonomy":"product_brand","embeddable":true,"href":"https:\/\/novabedding.be\/nl\/wp-json\/wp\/v2\/product_brand?post=13482"},{"taxonomy":"product_cat","embeddable":true,"href":"https:\/\/novabedding.be\/nl\/wp-json\/wp\/v2\/product_cat?post=13482"},{"taxonomy":"product_tag","embeddable":true,"href":"https:\/\/novabedding.be\/nl\/wp-json\/wp\/v2\/product_tag?post=13482"}],"curies":[{"name":"wp","href":"https:\/\/api.w.org\/{rel}","templated":true}]}}